{"id":22,"date":"2020-11-02T10:34:24","date_gmt":"2020-11-02T10:34:24","guid":{"rendered":"https:\/\/backoffice.getonnet.dev\/?page_id=22"},"modified":"2023-08-02T05:27:37","modified_gmt":"2023-08-02T03:27:37","slug":"kontakt-oss","status":"publish","type":"page","link":"https:\/\/backoffice.as\/en\/kontakt-oss\/","title":{"rendered":"Contact Us"},"content":{"rendered":"<div data-elementor-type=\"wp-page\" data-elementor-id=\"22\" class=\"elementor elementor-22\">\n\t\t\t\t\t\t<section class=\"elementor-section elementor-top-section elementor-element elementor-element-254dcd6 elementor-section-height-min-height elementor-section-boxed elementor-section-height-default elementor-section-items-middle\" data-id=\"254dcd6\" data-element_type=\"section\" data-settings=\"{&quot;background_background&quot;:&quot;classic&quot;,&quot;jet_parallax_layout_list&quot;:[]}\">\n\t\t\t\t\t\t\t<div class=\"elementor-background-overlay\"><\/div>\n\t\t\t\t\t\t\t<div class=\"elementor-container elementor-column-gap-no\">\n\t\t\t\t\t<div class=\"elementor-column elementor-col-100 elementor-top-column elementor-element elementor-element-d80124a\" data-id=\"d80124a\" data-element_type=\"column\">\n\t\t\t<div class=\"elementor-widget-wrap elementor-element-populated\">\n\t\t\t\t\t\t<div class=\"elementor-element elementor-element-2695d53 elementor-widget elementor-widget-heading\" data-id=\"2695d53\" data-element_type=\"widget\" data-widget_type=\"heading.default\">\n\t\t\t\t<div class=\"elementor-widget-container\">\n\t\t\t\t\t<h1 class=\"elementor-heading-title elementor-size-default\">Contact Us<\/h1>\t\t\t\t<\/div>\n\t\t\t\t<\/div>\n\t\t\t\t\t<\/div>\n\t\t<\/div>\n\t\t\t\t\t<\/div>\n\t\t<\/section>\n\t\t\t\t<section class=\"elementor-section elementor-top-section elementor-element elementor-element-956c55b elementor-section-content-middle elementor-section-boxed elementor-section-height-default elementor-section-height-default\" data-id=\"956c55b\" data-element_type=\"section\" data-settings=\"{&quot;background_background&quot;:&quot;classic&quot;,&quot;jet_parallax_layout_list&quot;:[]}\">\n\t\t\t\t\t\t<div class=\"elementor-container elementor-column-gap-no\">\n\t\t\t\t\t<div class=\"elementor-column elementor-col-50 elementor-top-column elementor-element elementor-element-b344345\" data-id=\"b344345\" data-element_type=\"column\">\n\t\t\t<div class=\"elementor-widget-wrap elementor-element-populated\">\n\t\t\t\t\t\t<div class=\"elementor-element elementor-element-ef84ef3 elementor-widget elementor-widget-text-editor\" data-id=\"ef84ef3\" data-element_type=\"widget\" data-widget_type=\"text-editor.default\">\n\t\t\t\t<div class=\"elementor-widget-container\">\n\t\t\t\t\t\t\t\t\t<p>Our goal at Back Office AS is to offer you skilled employees at a very competitive price. We can offer a highly qualified team located abroad to meet your needs. If you want to try our employees, Back Office AS will be your partner, so that you can offer the best service to your customers.<\/p>\t\t\t\t\t\t\t\t<\/div>\n\t\t\t\t<\/div>\n\t\t\t\t<div class=\"elementor-element elementor-element-7e0e53d elementor-widget elementor-widget-heading\" data-id=\"7e0e53d\" data-element_type=\"widget\" data-widget_type=\"heading.default\">\n\t\t\t\t<div class=\"elementor-widget-container\">\n\t\t\t\t\t<p class=\"elementor-heading-title elementor-size-default\">Email:<\/p>\t\t\t\t<\/div>\n\t\t\t\t<\/div>\n\t\t\t\t<div class=\"elementor-element elementor-element-0bbdccb elementor-icon-list--layout-traditional elementor-list-item-link-full_width elementor-widget elementor-widget-icon-list\" data-id=\"0bbdccb\" data-element_type=\"widget\" data-widget_type=\"icon-list.default\">\n\t\t\t\t<div class=\"elementor-widget-container\">\n\t\t\t\t\t\t\t<ul class=\"elementor-icon-list-items\">\n\t\t\t\t\t\t\t<li class=\"elementor-icon-list-item\">\n\t\t\t\t\t\t\t\t\t\t\t<a href=\"mailto:tim@backoffice.as\">\n\n\t\t\t\t\t\t\t\t\t\t\t\t<span class=\"elementor-icon-list-icon\">\n\t\t\t\t\t\t\t<i aria-hidden=\"true\" class=\"fas fa-envelope\"><\/i>\t\t\t\t\t\t<\/span>\n\t\t\t\t\t\t\t\t\t\t<span class=\"elementor-icon-list-text\">tim@backoffice.as<\/span>\n\t\t\t\t\t\t\t\t\t\t\t<\/a>\n\t\t\t\t\t\t\t\t\t<\/li>\n\t\t\t\t\t\t<\/ul>\n\t\t\t\t\t\t<\/div>\n\t\t\t\t<\/div>\n\t\t\t\t<div class=\"elementor-element elementor-element-5b05976 elementor-widget elementor-widget-heading\" data-id=\"5b05976\" data-element_type=\"widget\" data-widget_type=\"heading.default\">\n\t\t\t\t<div class=\"elementor-widget-container\">\n\t\t\t\t\t<p class=\"elementor-heading-title elementor-size-default\">Telephone:\n<\/p>\t\t\t\t<\/div>\n\t\t\t\t<\/div>\n\t\t\t\t<div class=\"elementor-element elementor-element-927d92a elementor-icon-list--layout-traditional elementor-list-item-link-full_width elementor-widget elementor-widget-icon-list\" data-id=\"927d92a\" data-element_type=\"widget\" data-widget_type=\"icon-list.default\">\n\t\t\t\t<div class=\"elementor-widget-container\">\n\t\t\t\t\t\t\t<ul class=\"elementor-icon-list-items\">\n\t\t\t\t\t\t\t<li class=\"elementor-icon-list-item\">\n\t\t\t\t\t\t\t\t\t\t\t<a href=\"tel:+47%20992%2067%20242\">\n\n\t\t\t\t\t\t\t\t\t\t\t\t<span class=\"elementor-icon-list-icon\">\n\t\t\t\t\t\t\t<i aria-hidden=\"true\" class=\"fas fa-phone-alt\"><\/i>\t\t\t\t\t\t<\/span>\n\t\t\t\t\t\t\t\t\t\t<span class=\"elementor-icon-list-text\">+47 992 67 242<\/span>\n\t\t\t\t\t\t\t\t\t\t\t<\/a>\n\t\t\t\t\t\t\t\t\t<\/li>\n\t\t\t\t\t\t<\/ul>\n\t\t\t\t\t\t<\/div>\n\t\t\t\t<\/div>\n\t\t\t\t<div class=\"elementor-element elementor-element-165ee65 elementor-widget elementor-widget-heading\" data-id=\"165ee65\" data-element_type=\"widget\" data-widget_type=\"heading.default\">\n\t\t\t\t<div class=\"elementor-widget-container\">\n\t\t\t\t\t<p class=\"elementor-heading-title elementor-size-default\">Postal Address:<\/p>\t\t\t\t<\/div>\n\t\t\t\t<\/div>\n\t\t\t\t<div class=\"elementor-element elementor-element-860bcc1 elementor-icon-list--layout-traditional elementor-list-item-link-full_width elementor-widget elementor-widget-icon-list\" data-id=\"860bcc1\" data-element_type=\"widget\" data-widget_type=\"icon-list.default\">\n\t\t\t\t<div class=\"elementor-widget-container\">\n\t\t\t\t\t\t\t<ul class=\"elementor-icon-list-items\">\n\t\t\t\t\t\t\t<li class=\"elementor-icon-list-item\">\n\t\t\t\t\t\t\t\t\t\t\t<span class=\"elementor-icon-list-icon\">\n\t\t\t\t\t\t\t<i aria-hidden=\"true\" class=\"fas fa-map-marker-alt\"><\/i>\t\t\t\t\t\t<\/span>\n\t\t\t\t\t\t\t\t\t\t<span class=\"elementor-icon-list-text\">3746 THE SKI<\/span>\n\t\t\t\t\t\t\t\t\t<\/li>\n\t\t\t\t\t\t<\/ul>\n\t\t\t\t\t\t<\/div>\n\t\t\t\t<\/div>\n\t\t\t\t\t<\/div>\n\t\t<\/div>\n\t\t\t\t<div class=\"elementor-column elementor-col-50 elementor-top-column elementor-element elementor-element-5a2384f\" data-id=\"5a2384f\" data-element_type=\"column\" data-settings=\"{&quot;background_background&quot;:&quot;classic&quot;}\">\n\t\t\t<div class=\"elementor-widget-wrap elementor-element-populated\">\n\t\t\t\t\t\t<section class=\"elementor-section elementor-inner-section elementor-element elementor-element-fbac410 elementor-section-boxed elementor-section-height-default elementor-section-height-default\" data-id=\"fbac410\" data-element_type=\"section\" data-settings=\"{&quot;jet_parallax_layout_list&quot;:[]}\">\n\t\t\t\t\t\t<div class=\"elementor-container elementor-column-gap-default\">\n\t\t\t\t\t<div class=\"elementor-column elementor-col-100 elementor-inner-column elementor-element elementor-element-baac21c\" data-id=\"baac21c\" data-element_type=\"column\" data-settings=\"{&quot;background_background&quot;:&quot;classic&quot;}\">\n\t\t\t<div class=\"elementor-widget-wrap elementor-element-populated\">\n\t\t\t\t\t\t<div class=\"elementor-element elementor-element-442339f elementor-widget elementor-widget-heading\" data-id=\"442339f\" data-element_type=\"widget\" data-widget_type=\"heading.default\">\n\t\t\t\t<div class=\"elementor-widget-container\">\n\t\t\t\t\t<h4 class=\"elementor-heading-title elementor-size-default\">Contact form<\/h4>\t\t\t\t<\/div>\n\t\t\t\t<\/div>\n\t\t\t\t<div class=\"elementor-element elementor-element-6370797 elementor-widget elementor-widget-heading\" data-id=\"6370797\" data-element_type=\"widget\" data-widget_type=\"heading.default\">\n\t\t\t\t<div class=\"elementor-widget-container\">\n\t\t\t\t\t<p class=\"elementor-heading-title elementor-size-default\">You will receive an answer within 24 hours<\/p>\t\t\t\t<\/div>\n\t\t\t\t<\/div>\n\t\t\t\t\t<\/div>\n\t\t<\/div>\n\t\t\t\t\t<\/div>\n\t\t<\/section>\n\t\t\t\t\t<\/div>\n\t\t<\/div>\n\t\t\t\t\t<\/div>\n\t\t<\/section>\n\t\t\t\t<\/div>","protected":false},"excerpt":{"rendered":"<p>Kontakt oss V\u00e5rt m\u00e5l i Back Office AS er \u00e5 tilby deg dyktige medarbeidere til en sv\u00e6rt konkurransedyktig pris. Vi kan tilby et h\u00f8yt kvalifisert team som ligger i utlandet for \u00e5 dekke dine behov. Hvis du vil pr\u00f8ve v\u00e5re ansatte, vil Back Office AS v\u00e6re din partner, slik at du kan tilby den beste [&hellip;]<\/p>\n","protected":false},"author":1,"featured_media":1004,"parent":0,"menu_order":0,"comment_status":"closed","ping_status":"closed","template":"elementor_header_footer","meta":{"footnotes":""},"yoast_head":"<!-- This site is optimized with the Yoast SEO plugin v22.6 - https:\/\/yoast.com\/wordpress\/plugins\/seo\/ -->\n<title>Back Office AS &#187; Kontakt oss<\/title>\n<meta name=\"description\" content=\"Vi kan tilby et h\u00f8yt kvalifisert team som ligger i utlandet for \u00e5 dekke dine behov.\" \/>\n<meta name=\"robots\" content=\"index, follow, max-snippet:-1, max-image-preview:large, max-video-preview:-1\" \/>\n<link rel=\"canonical\" href=\"https:\/\/backoffice.as\/en\/kontakt-oss\/\" \/>\n<meta property=\"og:locale\" content=\"en_US\" \/>\n<meta property=\"og:type\" content=\"article\" \/>\n<meta property=\"og:title\" content=\"Back Office AS &#187; Kontakt oss\" \/>\n<meta property=\"og:description\" content=\"Vi kan tilby et h\u00f8yt kvalifisert team som ligger i utlandet for \u00e5 dekke dine behov.\" \/>\n<meta property=\"og:url\" content=\"https:\/\/backoffice.as\/en\/kontakt-oss\/\" \/>\n<meta property=\"og:site_name\" content=\"Back Office AS\" \/>\n<meta property=\"article:publisher\" content=\"https:\/\/www.facebook.com\/BackOfficeas\" \/>\n<meta property=\"article:modified_time\" content=\"2023-08-02T03:27:37+00:00\" \/>\n<meta property=\"og:image\" content=\"https:\/\/backoffice.as\/wp-content\/uploads\/2020\/11\/back-office-share.jpg\" \/>\n\t<meta property=\"og:image:width\" content=\"1200\" \/>\n\t<meta property=\"og:image:height\" content=\"630\" \/>\n\t<meta property=\"og:image:type\" content=\"image\/jpeg\" \/>\n<meta name=\"twitter:card\" content=\"summary_large_image\" \/>\n<meta name=\"twitter:label1\" content=\"Est. reading time\" \/>\n\t<meta name=\"twitter:data1\" content=\"1 minute\" \/>\n<script type=\"application\/ld+json\" class=\"yoast-schema-graph\">{\"@context\":\"https:\/\/schema.org\",\"@graph\":[{\"@type\":\"WebPage\",\"@id\":\"https:\/\/backoffice.as\/kontakt-oss\/\",\"url\":\"https:\/\/backoffice.as\/kontakt-oss\/\",\"name\":\"Back Office AS &#187; Kontakt oss\",\"isPartOf\":{\"@id\":\"https:\/\/backoffice.as\/#website\"},\"primaryImageOfPage\":{\"@id\":\"https:\/\/backoffice.as\/kontakt-oss\/#primaryimage\"},\"image\":{\"@id\":\"https:\/\/backoffice.as\/kontakt-oss\/#primaryimage\"},\"thumbnailUrl\":\"https:\/\/backoffice.as\/wp-content\/uploads\/2020\/11\/back-office-share.jpg\",\"datePublished\":\"2020-11-02T10:34:24+00:00\",\"dateModified\":\"2023-08-02T03:27:37+00:00\",\"description\":\"Vi kan tilby et h\u00f8yt kvalifisert team som ligger i utlandet for \u00e5 dekke dine behov.\",\"breadcrumb\":{\"@id\":\"https:\/\/backoffice.as\/kontakt-oss\/#breadcrumb\"},\"inLanguage\":\"en-US\",\"potentialAction\":[{\"@type\":\"ReadAction\",\"target\":[\"https:\/\/backoffice.as\/kontakt-oss\/\"]}]},{\"@type\":\"ImageObject\",\"inLanguage\":\"en-US\",\"@id\":\"https:\/\/backoffice.as\/kontakt-oss\/#primaryimage\",\"url\":\"https:\/\/backoffice.as\/wp-content\/uploads\/2020\/11\/back-office-share.jpg\",\"contentUrl\":\"https:\/\/backoffice.as\/wp-content\/uploads\/2020\/11\/back-office-share.jpg\",\"width\":1200,\"height\":630},{\"@type\":\"BreadcrumbList\",\"@id\":\"https:\/\/backoffice.as\/kontakt-oss\/#breadcrumb\",\"itemListElement\":[{\"@type\":\"ListItem\",\"position\":1,\"name\":\"Hjem\",\"item\":\"https:\/\/backoffice.as\/\"},{\"@type\":\"ListItem\",\"position\":2,\"name\":\"Kontakt oss\"}]},{\"@type\":\"WebSite\",\"@id\":\"https:\/\/backoffice.as\/#website\",\"url\":\"https:\/\/backoffice.as\/\",\"name\":\"Back Office AS\",\"description\":\"Offshoring gjort enkelt\",\"publisher\":{\"@id\":\"https:\/\/backoffice.as\/#organization\"},\"alternateName\":\"BackOffice AS\",\"potentialAction\":[{\"@type\":\"SearchAction\",\"target\":{\"@type\":\"EntryPoint\",\"urlTemplate\":\"https:\/\/backoffice.as\/?s={search_term_string}\"},\"query-input\":\"required name=search_term_string\"}],\"inLanguage\":\"en-US\"},{\"@type\":\"Organization\",\"@id\":\"https:\/\/backoffice.as\/#organization\",\"name\":\"Back Office AS\",\"alternateName\":\"BackOffice AS\",\"url\":\"https:\/\/backoffice.as\/\",\"logo\":{\"@type\":\"ImageObject\",\"inLanguage\":\"en-US\",\"@id\":\"https:\/\/backoffice.as\/#\/schema\/logo\/image\/\",\"url\":\"https:\/\/backoffice.as\/wp-content\/uploads\/2020\/11\/backofficelogo.svg\",\"contentUrl\":\"https:\/\/backoffice.as\/wp-content\/uploads\/2020\/11\/backofficelogo.svg\",\"width\":533,\"height\":73,\"caption\":\"Back Office AS\"},\"image\":{\"@id\":\"https:\/\/backoffice.as\/#\/schema\/logo\/image\/\"},\"sameAs\":[\"https:\/\/www.facebook.com\/BackOfficeas\",\"https:\/\/www.linkedin.com\/company\/back-office-as\"]}]}<\/script>\n<!-- \/ Yoast SEO plugin. -->","yoast_head_json":{"title":"Back Office AS &#187; Kontakt oss","description":"Vi kan tilby et h\u00f8yt kvalifisert team som ligger i utlandet for \u00e5 dekke dine behov.","robots":{"index":"index","follow":"follow","max-snippet":"max-snippet:-1","max-image-preview":"max-image-preview:large","max-video-preview":"max-video-preview:-1"},"canonical":"https:\/\/backoffice.as\/en\/kontakt-oss\/","og_locale":"en_US","og_type":"article","og_title":"Back Office AS &#187; Kontakt oss","og_description":"Vi kan tilby et h\u00f8yt kvalifisert team som ligger i utlandet for \u00e5 dekke dine behov.","og_url":"https:\/\/backoffice.as\/en\/kontakt-oss\/","og_site_name":"Back Office AS","article_publisher":"https:\/\/www.facebook.com\/BackOfficeas","article_modified_time":"2023-08-02T03:27:37+00:00","og_image":[{"width":1200,"height":630,"url":"https:\/\/backoffice.as\/wp-content\/uploads\/2020\/11\/back-office-share.jpg","type":"image\/jpeg"}],"twitter_card":"summary_large_image","twitter_misc":{"Est. reading time":"1 minute"},"schema":{"@context":"https:\/\/schema.org","@graph":[{"@type":"WebPage","@id":"https:\/\/backoffice.as\/kontakt-oss\/","url":"https:\/\/backoffice.as\/kontakt-oss\/","name":"Back Office AS &#187; Kontakt oss","isPartOf":{"@id":"https:\/\/backoffice.as\/#website"},"primaryImageOfPage":{"@id":"https:\/\/backoffice.as\/kontakt-oss\/#primaryimage"},"image":{"@id":"https:\/\/backoffice.as\/kontakt-oss\/#primaryimage"},"thumbnailUrl":"https:\/\/backoffice.as\/wp-content\/uploads\/2020\/11\/back-office-share.jpg","datePublished":"2020-11-02T10:34:24+00:00","dateModified":"2023-08-02T03:27:37+00:00","description":"Vi kan tilby et h\u00f8yt kvalifisert team som ligger i utlandet for \u00e5 dekke dine behov.","breadcrumb":{"@id":"https:\/\/backoffice.as\/kontakt-oss\/#breadcrumb"},"inLanguage":"en-US","potentialAction":[{"@type":"ReadAction","target":["https:\/\/backoffice.as\/kontakt-oss\/"]}]},{"@type":"ImageObject","inLanguage":"en-US","@id":"https:\/\/backoffice.as\/kontakt-oss\/#primaryimage","url":"https:\/\/backoffice.as\/wp-content\/uploads\/2020\/11\/back-office-share.jpg","contentUrl":"https:\/\/backoffice.as\/wp-content\/uploads\/2020\/11\/back-office-share.jpg","width":1200,"height":630},{"@type":"BreadcrumbList","@id":"https:\/\/backoffice.as\/kontakt-oss\/#breadcrumb","itemListElement":[{"@type":"ListItem","position":1,"name":"Hjem","item":"https:\/\/backoffice.as\/"},{"@type":"ListItem","position":2,"name":"Kontakt oss"}]},{"@type":"WebSite","@id":"https:\/\/backoffice.as\/#website","url":"https:\/\/backoffice.as\/","name":"Back Office AS","description":"Offshoring gjort enkelt","publisher":{"@id":"https:\/\/backoffice.as\/#organization"},"alternateName":"BackOffice AS","potentialAction":[{"@type":"SearchAction","target":{"@type":"EntryPoint","urlTemplate":"https:\/\/backoffice.as\/?s={search_term_string}"},"query-input":"required name=search_term_string"}],"inLanguage":"en-US"},{"@type":"Organization","@id":"https:\/\/backoffice.as\/#organization","name":"Back Office AS","alternateName":"BackOffice AS","url":"https:\/\/backoffice.as\/","logo":{"@type":"ImageObject","inLanguage":"en-US","@id":"https:\/\/backoffice.as\/#\/schema\/logo\/image\/","url":"https:\/\/backoffice.as\/wp-content\/uploads\/2020\/11\/backofficelogo.svg","contentUrl":"https:\/\/backoffice.as\/wp-content\/uploads\/2020\/11\/backofficelogo.svg","width":533,"height":73,"caption":"Back Office AS"},"image":{"@id":"https:\/\/backoffice.as\/#\/schema\/logo\/image\/"},"sameAs":["https:\/\/www.facebook.com\/BackOfficeas","https:\/\/www.linkedin.com\/company\/back-office-as"]}]}},"_links":{"self":[{"href":"https:\/\/backoffice.as\/en\/wp-json\/wp\/v2\/pages\/22"}],"collection":[{"href":"https:\/\/backoffice.as\/en\/wp-json\/wp\/v2\/pages"}],"about":[{"href":"https:\/\/backoffice.as\/en\/wp-json\/wp\/v2\/types\/page"}],"author":[{"embeddable":true,"href":"https:\/\/backoffice.as\/en\/wp-json\/wp\/v2\/users\/1"}],"replies":[{"embeddable":true,"href":"https:\/\/backoffice.as\/en\/wp-json\/wp\/v2\/comments?post=22"}],"version-history":[{"count":76,"href":"https:\/\/backoffice.as\/en\/wp-json\/wp\/v2\/pages\/22\/revisions"}],"predecessor-version":[{"id":4926,"href":"https:\/\/backoffice.as\/en\/wp-json\/wp\/v2\/pages\/22\/revisions\/4926"}],"wp:featuredmedia":[{"embeddable":true,"href":"https:\/\/backoffice.as\/en\/wp-json\/wp\/v2\/media\/1004"}],"wp:attachment":[{"href":"https:\/\/backoffice.as\/en\/wp-json\/wp\/v2\/media?parent=22"}],"curies":[{"name":"wp","href":"https:\/\/api.w.org\/{rel}","templated":true}]}}