{"id":16,"date":"2020-11-02T10:33:48","date_gmt":"2020-11-02T10:33:48","guid":{"rendered":"https:\/\/backoffice.getonnet.dev\/?page_id=16"},"modified":"2023-01-03T10:24:15","modified_gmt":"2023-01-03T10:24:15","slug":"vart-forslag","status":"publish","type":"page","link":"https:\/\/backoffice.as\/en\/vart-forslag\/","title":{"rendered":"Our proposal"},"content":{"rendered":"<div data-elementor-type=\"wp-page\" data-elementor-id=\"16\" class=\"elementor elementor-16\">\n\t\t\t\t\t\t<section class=\"elementor-section elementor-top-section elementor-element elementor-element-84348bd elementor-section-height-min-height elementor-section-boxed elementor-section-height-default elementor-section-items-middle\" data-id=\"84348bd\" data-element_type=\"section\" data-settings=\"{&quot;background_background&quot;:&quot;classic&quot;,&quot;jet_parallax_layout_list&quot;:[]}\">\n\t\t\t\t\t\t\t<div class=\"elementor-background-overlay\"><\/div>\n\t\t\t\t\t\t\t<div class=\"elementor-container elementor-column-gap-no\">\n\t\t\t\t\t<div class=\"elementor-column elementor-col-100 elementor-top-column elementor-element elementor-element-975f94e\" data-id=\"975f94e\" data-element_type=\"column\">\n\t\t\t<div class=\"elementor-widget-wrap elementor-element-populated\">\n\t\t\t\t\t\t<section class=\"elementor-section elementor-inner-section elementor-element elementor-element-c21d1ac elementor-section-boxed elementor-section-height-default elementor-section-height-default\" data-id=\"c21d1ac\" data-element_type=\"section\" data-settings=\"{&quot;jet_parallax_layout_list&quot;:[]}\">\n\t\t\t\t\t\t<div class=\"elementor-container elementor-column-gap-no\">\n\t\t\t\t\t<div class=\"elementor-column elementor-col-16 elementor-inner-column elementor-element elementor-element-692ddd3\" data-id=\"692ddd3\" data-element_type=\"column\">\n\t\t\t<div class=\"elementor-widget-wrap\">\n\t\t\t\t\t\t\t<\/div>\n\t\t<\/div>\n\t\t\t\t<div class=\"elementor-column elementor-col-66 elementor-inner-column elementor-element elementor-element-3ebf152\" data-id=\"3ebf152\" data-element_type=\"column\">\n\t\t\t<div class=\"elementor-widget-wrap elementor-element-populated\">\n\t\t\t\t\t\t<div class=\"elementor-element elementor-element-7406f04 elementor-widget elementor-widget-heading\" data-id=\"7406f04\" data-element_type=\"widget\" data-widget_type=\"heading.default\">\n\t\t\t\t<div class=\"elementor-widget-container\">\n\t\t\t\t\t<h1 class=\"elementor-heading-title elementor-size-default\">We will be with you all the way.<\/h1>\t\t\t\t<\/div>\n\t\t\t\t<\/div>\n\t\t\t\t<div class=\"elementor-element elementor-element-846bc19 elementor-widget elementor-widget-text-editor\" data-id=\"846bc19\" data-element_type=\"widget\" data-widget_type=\"text-editor.default\">\n\t\t\t\t<div class=\"elementor-widget-container\">\n\t\t\t\t\t\t\t\t\t<p>We will be your Norwegian contact person and support through start-up and operation.<br \/>All contact regarding requirements and changes can be made with us in Norwegian.<br \/>You shape and control your employees for day-to-day operations.<br \/>Basic English is all you need to get started.<\/p><p>We can also interpret in Norwegian \/ English \/ Filipino if necessary.<\/p>\t\t\t\t\t\t\t\t<\/div>\n\t\t\t\t<\/div>\n\t\t\t\t\t<\/div>\n\t\t<\/div>\n\t\t\t\t<div class=\"elementor-column elementor-col-16 elementor-inner-column elementor-element elementor-element-bd36509\" data-id=\"bd36509\" data-element_type=\"column\">\n\t\t\t<div class=\"elementor-widget-wrap\">\n\t\t\t\t\t\t\t<\/div>\n\t\t<\/div>\n\t\t\t\t\t<\/div>\n\t\t<\/section>\n\t\t\t\t\t<\/div>\n\t\t<\/div>\n\t\t\t\t\t<\/div>\n\t\t<\/section>\n\t\t\t\t<section class=\"elementor-section elementor-top-section elementor-element elementor-element-e2ebe80 elementor-section-boxed elementor-section-height-default elementor-section-height-default\" data-id=\"e2ebe80\" data-element_type=\"section\" data-settings=\"{&quot;background_background&quot;:&quot;classic&quot;,&quot;jet_parallax_layout_list&quot;:[]}\">\n\t\t\t\t\t\t<div class=\"elementor-container elementor-column-gap-no\">\n\t\t\t\t\t<div class=\"elementor-column elementor-col-100 elementor-top-column elementor-element elementor-element-ef31291\" data-id=\"ef31291\" data-element_type=\"column\">\n\t\t\t<div class=\"elementor-widget-wrap elementor-element-populated\">\n\t\t\t\t\t\t<section class=\"elementor-section elementor-inner-section elementor-element elementor-element-8e45be5 elementor-section-content-middle elementor-section-boxed elementor-section-height-default elementor-section-height-default\" data-id=\"8e45be5\" data-element_type=\"section\" data-settings=\"{&quot;jet_parallax_layout_list&quot;:[]}\">\n\t\t\t\t\t\t<div class=\"elementor-container elementor-column-gap-no\">\n\t\t\t\t\t<div class=\"elementor-column elementor-col-50 elementor-inner-column elementor-element elementor-element-67040ac\" data-id=\"67040ac\" data-element_type=\"column\" data-settings=\"{&quot;background_background&quot;:&quot;classic&quot;}\">\n\t\t\t<div class=\"elementor-widget-wrap elementor-element-populated\">\n\t\t\t\t\t\t<div class=\"elementor-element elementor-element-c106f8e elementor-widget elementor-widget-spacer\" data-id=\"c106f8e\" data-element_type=\"widget\" data-widget_type=\"spacer.default\">\n\t\t\t\t<div class=\"elementor-widget-container\">\n\t\t\t\t\t\t\t<div class=\"elementor-spacer\">\n\t\t\t<div class=\"elementor-spacer-inner\"><\/div>\n\t\t<\/div>\n\t\t\t\t\t\t<\/div>\n\t\t\t\t<\/div>\n\t\t\t\t\t<\/div>\n\t\t<\/div>\n\t\t\t\t<div class=\"elementor-column elementor-col-50 elementor-inner-column elementor-element elementor-element-19e1d2c\" data-id=\"19e1d2c\" data-element_type=\"column\">\n\t\t\t<div class=\"elementor-widget-wrap elementor-element-populated\">\n\t\t\t\t\t\t<div class=\"elementor-element elementor-element-2217a3b elementor-widget elementor-widget-heading\" data-id=\"2217a3b\" data-element_type=\"widget\" data-widget_type=\"heading.default\">\n\t\t\t\t<div class=\"elementor-widget-container\">\n\t\t\t\t\t<h2 class=\"elementor-heading-title elementor-size-default\">Selection<\/h2>\t\t\t\t<\/div>\n\t\t\t\t<\/div>\n\t\t\t\t<div class=\"elementor-element elementor-element-9e37af4 elementor-widget elementor-widget-text-editor\" data-id=\"9e37af4\" data-element_type=\"widget\" data-widget_type=\"text-editor.default\">\n\t\t\t\t<div class=\"elementor-widget-container\">\n\t\t\t\t\t\t\t\t\tAlle s\u00f8kere blir testet og referanser sjekket med strenge sikkerhetsforanstaltninger for \u00e5 sikre ansettelse av riktig personell.\n\nTesten best\u00e5r av IQ-test, Personlighetstest, Bokf\u00f8ring og Regnskapstest, Ressursfullhet og Kreativitetstest, Datatest og, Spr\u00e5k og Kommunikasjonstest.\n\nAlle kandidater gjennomg\u00e5r innledende intervjuer, og du vil bli presentert med et utvalg av kandidater innenfor spesifikasjonene som er avtalt.\n\nDu har ogs\u00e5 mulighet til selv \u00e5 intervjue kandidatene.\t\t\t\t\t\t\t\t<\/div>\n\t\t\t\t<\/div>\n\t\t\t\t\t<\/div>\n\t\t<\/div>\n\t\t\t\t\t<\/div>\n\t\t<\/section>\n\t\t\t\t<section class=\"elementor-section elementor-inner-section elementor-element elementor-element-cc911c2 elementor-section-content-middle elementor-reverse-tablet elementor-reverse-mobile elementor-section-boxed elementor-section-height-default elementor-section-height-default\" data-id=\"cc911c2\" data-element_type=\"section\" data-settings=\"{&quot;jet_parallax_layout_list&quot;:[]}\">\n\t\t\t\t\t\t<div class=\"elementor-container elementor-column-gap-no\">\n\t\t\t\t\t<div class=\"elementor-column elementor-col-50 elementor-inner-column elementor-element elementor-element-5265737\" data-id=\"5265737\" data-element_type=\"column\">\n\t\t\t<div class=\"elementor-widget-wrap elementor-element-populated\">\n\t\t\t\t\t\t<div class=\"elementor-element elementor-element-6ff0623 elementor-widget elementor-widget-heading\" data-id=\"6ff0623\" data-element_type=\"widget\" data-widget_type=\"heading.default\">\n\t\t\t\t<div class=\"elementor-widget-container\">\n\t\t\t\t\t<h2 class=\"elementor-heading-title elementor-size-default\">Training<\/h2>\t\t\t\t<\/div>\n\t\t\t\t<\/div>\n\t\t\t\t<div class=\"elementor-element elementor-element-9a63574 elementor-widget elementor-widget-text-editor\" data-id=\"9a63574\" data-element_type=\"widget\" data-widget_type=\"text-editor.default\">\n\t\t\t\t<div class=\"elementor-widget-container\">\n\t\t\t\t\t\t\t\t\t<p>We will provide one (1) month of dedicated training in the Philippines.<\/p><p>Our training starts with basic education in Norwegian culture, society and work ethics.<\/p><p>It also includes the Norwegian accounting industry&#039;s seasonal peaks, VAT periods, reports, reporting deadlines, etc.<\/p><p>We convey information about the company&#039;s history, organisation, customer groups and workflow, which programs are in use and what is expected of the employees.<\/p><p>We will then train and guide the employees on how programs and the workflow work, give them access to language tools and where to find information about accounting and tax rules.<\/p><p>After the theoretical training, the participants must take part in the accounting, which must be checked by you before updating.<\/p><p>Gradually, the volume, responsibility and tasks will increase, as is done for Norwegian new employees.<\/p><p>Det vil bli en 2 m\u00e5neds daglig oppf\u00f8lgingst\u00f8tte der kommunikasjonen med ansatte p\u00e5 Filippinene gradvis blir overf\u00f8rt fra Back Office AS administrasjon til ansvarlig p\u00e5 ditt kontor.<\/p>\t\t\t\t\t\t\t\t<\/div>\n\t\t\t\t<\/div>\n\t\t\t\t\t<\/div>\n\t\t<\/div>\n\t\t\t\t<div class=\"elementor-column elementor-col-50 elementor-inner-column elementor-element elementor-element-222aab5\" data-id=\"222aab5\" data-element_type=\"column\" data-settings=\"{&quot;background_background&quot;:&quot;classic&quot;}\">\n\t\t\t<div class=\"elementor-widget-wrap elementor-element-populated\">\n\t\t\t\t\t\t<div class=\"elementor-element elementor-element-7986484 elementor-widget elementor-widget-spacer\" data-id=\"7986484\" data-element_type=\"widget\" data-widget_type=\"spacer.default\">\n\t\t\t\t<div class=\"elementor-widget-container\">\n\t\t\t\t\t\t\t<div class=\"elementor-spacer\">\n\t\t\t<div class=\"elementor-spacer-inner\"><\/div>\n\t\t<\/div>\n\t\t\t\t\t\t<\/div>\n\t\t\t\t<\/div>\n\t\t\t\t\t<\/div>\n\t\t<\/div>\n\t\t\t\t\t<\/div>\n\t\t<\/section>\n\t\t\t\t\t<\/div>\n\t\t<\/div>\n\t\t\t\t\t<\/div>\n\t\t<\/section>\n\t\t\t\t<section class=\"elementor-section elementor-top-section elementor-element elementor-element-5739b15 elementor-section-boxed elementor-section-height-default elementor-section-height-default\" data-id=\"5739b15\" data-element_type=\"section\" data-settings=\"{&quot;background_background&quot;:&quot;classic&quot;,&quot;jet_parallax_layout_list&quot;:[]}\">\n\t\t\t\t\t\t<div class=\"elementor-container elementor-column-gap-no\">\n\t\t\t\t\t<div class=\"elementor-column elementor-col-100 elementor-top-column elementor-element elementor-element-6c399f6\" data-id=\"6c399f6\" data-element_type=\"column\" data-settings=\"{&quot;background_background&quot;:&quot;classic&quot;}\">\n\t\t\t<div class=\"elementor-widget-wrap elementor-element-populated\">\n\t\t\t\t\t<div class=\"elementor-background-overlay\"><\/div>\n\t\t\t\t\t\t<div class=\"elementor-element elementor-element-d903a2b elementor-widget elementor-widget-heading\" data-id=\"d903a2b\" data-element_type=\"widget\" data-widget_type=\"heading.default\">\n\t\t\t\t<div class=\"elementor-widget-container\">\n\t\t\t\t\t<p class=\"elementor-heading-title elementor-size-default\">Etter to m\u00e5neder vil kommunikasjonen foreg\u00e5 mer direkte mellom Back Office AS's outsourcede regnskapsf\u00f8rere og norske kolleger, men vi vil alltid v\u00e6re tilgjengelige ved behov.<\/p>\t\t\t\t<\/div>\n\t\t\t\t<\/div>\n\t\t\t\t\t<\/div>\n\t\t<\/div>\n\t\t\t\t\t<\/div>\n\t\t<\/section>\n\t\t\t\t<section class=\"elementor-section elementor-top-section elementor-element elementor-element-5bc70ed elementor-section-full_width elementor-section-height-default elementor-section-height-default\" data-id=\"5bc70ed\" data-element_type=\"section\" data-settings=\"{&quot;jet_parallax_layout_list&quot;:[]}\">\n\t\t\t\t\t\t<div class=\"elementor-container elementor-column-gap-no\">\n\t\t\t\t\t<div class=\"elementor-column elementor-col-100 elementor-top-column elementor-element elementor-element-ac4ab76\" data-id=\"ac4ab76\" data-element_type=\"column\">\n\t\t\t<div class=\"elementor-widget-wrap\">\n\t\t\t\t\t\t\t<\/div>\n\t\t<\/div>\n\t\t\t\t\t<\/div>\n\t\t<\/section>\n\t\t\t\t<\/div>","protected":false},"excerpt":{"rendered":"<p>Vi vil v\u00e6re med deg hele veien. Vi vil v\u00e6re din norske kontaktperson og st\u00f8tte gjennom oppstart og drift.All kontakt om krav og endringer kan gj\u00f8res hos oss p\u00e5 norsk.Du former og kontrollerer dine ansatte til den daglige driften.Grunnleggende engelsk er alt du trenger for \u00e5 komme i gang. Vi kan ogs\u00e5 tolke p\u00e5 norsk [&hellip;]<\/p>\n","protected":false},"author":1,"featured_media":1004,"parent":0,"menu_order":0,"comment_status":"closed","ping_status":"closed","template":"elementor_header_footer","meta":{"footnotes":""},"yoast_head":"<!-- This site is optimized with the Yoast SEO plugin v22.6 - https:\/\/yoast.com\/wordpress\/plugins\/seo\/ -->\n<title>Back Office AS &#187; V\u00e5rt forslag<\/title>\n<meta name=\"description\" content=\"Vi vil v\u00e6re din norske kontaktperson og st\u00f8tte gjennom oppstart og drift.\" \/>\n<meta name=\"robots\" content=\"index, follow, max-snippet:-1, max-image-preview:large, max-video-preview:-1\" \/>\n<link rel=\"canonical\" href=\"https:\/\/backoffice.as\/en\/vart-forslag\/\" \/>\n<meta property=\"og:locale\" content=\"en_US\" \/>\n<meta property=\"og:type\" content=\"article\" \/>\n<meta property=\"og:title\" content=\"Back Office AS &#187; V\u00e5rt forslag\" \/>\n<meta property=\"og:description\" content=\"Vi vil v\u00e6re din norske kontaktperson og st\u00f8tte gjennom oppstart og drift.\" \/>\n<meta property=\"og:url\" content=\"https:\/\/backoffice.as\/en\/vart-forslag\/\" \/>\n<meta property=\"og:site_name\" content=\"Back Office AS\" \/>\n<meta property=\"article:publisher\" content=\"https:\/\/www.facebook.com\/BackOfficeas\" \/>\n<meta property=\"article:modified_time\" content=\"2023-01-03T10:24:15+00:00\" \/>\n<meta property=\"og:image\" content=\"https:\/\/backoffice.as\/wp-content\/uploads\/2020\/11\/back-office-share.jpg\" \/>\n\t<meta property=\"og:image:width\" content=\"1200\" \/>\n\t<meta property=\"og:image:height\" content=\"630\" \/>\n\t<meta property=\"og:image:type\" content=\"image\/jpeg\" \/>\n<meta name=\"twitter:card\" content=\"summary_large_image\" \/>\n<meta name=\"twitter:label1\" content=\"Est. reading time\" \/>\n\t<meta name=\"twitter:data1\" content=\"3 minutes\" \/>\n<script type=\"application\/ld+json\" class=\"yoast-schema-graph\">{\"@context\":\"https:\/\/schema.org\",\"@graph\":[{\"@type\":\"WebPage\",\"@id\":\"https:\/\/backoffice.as\/vart-forslag\/\",\"url\":\"https:\/\/backoffice.as\/vart-forslag\/\",\"name\":\"Back Office AS &#187; V\u00e5rt forslag\",\"isPartOf\":{\"@id\":\"https:\/\/backoffice.as\/#website\"},\"primaryImageOfPage\":{\"@id\":\"https:\/\/backoffice.as\/vart-forslag\/#primaryimage\"},\"image\":{\"@id\":\"https:\/\/backoffice.as\/vart-forslag\/#primaryimage\"},\"thumbnailUrl\":\"https:\/\/backoffice.as\/wp-content\/uploads\/2020\/11\/back-office-share.jpg\",\"datePublished\":\"2020-11-02T10:33:48+00:00\",\"dateModified\":\"2023-01-03T10:24:15+00:00\",\"description\":\"Vi vil v\u00e6re din norske kontaktperson og st\u00f8tte gjennom oppstart og drift.\",\"breadcrumb\":{\"@id\":\"https:\/\/backoffice.as\/vart-forslag\/#breadcrumb\"},\"inLanguage\":\"en-US\",\"potentialAction\":[{\"@type\":\"ReadAction\",\"target\":[\"https:\/\/backoffice.as\/vart-forslag\/\"]}]},{\"@type\":\"ImageObject\",\"inLanguage\":\"en-US\",\"@id\":\"https:\/\/backoffice.as\/vart-forslag\/#primaryimage\",\"url\":\"https:\/\/backoffice.as\/wp-content\/uploads\/2020\/11\/back-office-share.jpg\",\"contentUrl\":\"https:\/\/backoffice.as\/wp-content\/uploads\/2020\/11\/back-office-share.jpg\",\"width\":1200,\"height\":630},{\"@type\":\"BreadcrumbList\",\"@id\":\"https:\/\/backoffice.as\/vart-forslag\/#breadcrumb\",\"itemListElement\":[{\"@type\":\"ListItem\",\"position\":1,\"name\":\"Hjem\",\"item\":\"https:\/\/backoffice.as\/\"},{\"@type\":\"ListItem\",\"position\":2,\"name\":\"V\u00e5rt forslag\"}]},{\"@type\":\"WebSite\",\"@id\":\"https:\/\/backoffice.as\/#website\",\"url\":\"https:\/\/backoffice.as\/\",\"name\":\"Back Office AS\",\"description\":\"Offshoring gjort enkelt\",\"publisher\":{\"@id\":\"https:\/\/backoffice.as\/#organization\"},\"alternateName\":\"BackOffice AS\",\"potentialAction\":[{\"@type\":\"SearchAction\",\"target\":{\"@type\":\"EntryPoint\",\"urlTemplate\":\"https:\/\/backoffice.as\/?s={search_term_string}\"},\"query-input\":\"required name=search_term_string\"}],\"inLanguage\":\"en-US\"},{\"@type\":\"Organization\",\"@id\":\"https:\/\/backoffice.as\/#organization\",\"name\":\"Back Office AS\",\"alternateName\":\"BackOffice AS\",\"url\":\"https:\/\/backoffice.as\/\",\"logo\":{\"@type\":\"ImageObject\",\"inLanguage\":\"en-US\",\"@id\":\"https:\/\/backoffice.as\/#\/schema\/logo\/image\/\",\"url\":\"https:\/\/backoffice.as\/wp-content\/uploads\/2020\/11\/backofficelogo.svg\",\"contentUrl\":\"https:\/\/backoffice.as\/wp-content\/uploads\/2020\/11\/backofficelogo.svg\",\"width\":533,\"height\":73,\"caption\":\"Back Office AS\"},\"image\":{\"@id\":\"https:\/\/backoffice.as\/#\/schema\/logo\/image\/\"},\"sameAs\":[\"https:\/\/www.facebook.com\/BackOfficeas\",\"https:\/\/www.linkedin.com\/company\/back-office-as\"]}]}<\/script>\n<!-- \/ Yoast SEO plugin. -->","yoast_head_json":{"title":"Back Office AS &#187; V\u00e5rt forslag","description":"We will be your Norwegian contact person and support through start-up and operation.","robots":{"index":"index","follow":"follow","max-snippet":"max-snippet:-1","max-image-preview":"max-image-preview:large","max-video-preview":"max-video-preview:-1"},"canonical":"https:\/\/backoffice.as\/en\/vart-forslag\/","og_locale":"en_US","og_type":"article","og_title":"Back Office AS &#187; V\u00e5rt forslag","og_description":"Vi vil v\u00e6re din norske kontaktperson og st\u00f8tte gjennom oppstart og drift.","og_url":"https:\/\/backoffice.as\/en\/vart-forslag\/","og_site_name":"Back Office AS","article_publisher":"https:\/\/www.facebook.com\/BackOfficeas","article_modified_time":"2023-01-03T10:24:15+00:00","og_image":[{"width":1200,"height":630,"url":"https:\/\/backoffice.as\/wp-content\/uploads\/2020\/11\/back-office-share.jpg","type":"image\/jpeg"}],"twitter_card":"summary_large_image","twitter_misc":{"Est. reading time":"3 minutes"},"schema":{"@context":"https:\/\/schema.org","@graph":[{"@type":"WebPage","@id":"https:\/\/backoffice.as\/vart-forslag\/","url":"https:\/\/backoffice.as\/vart-forslag\/","name":"Back Office AS &#187; V\u00e5rt forslag","isPartOf":{"@id":"https:\/\/backoffice.as\/#website"},"primaryImageOfPage":{"@id":"https:\/\/backoffice.as\/vart-forslag\/#primaryimage"},"image":{"@id":"https:\/\/backoffice.as\/vart-forslag\/#primaryimage"},"thumbnailUrl":"https:\/\/backoffice.as\/wp-content\/uploads\/2020\/11\/back-office-share.jpg","datePublished":"2020-11-02T10:33:48+00:00","dateModified":"2023-01-03T10:24:15+00:00","description":"We will be your Norwegian contact person and support through start-up and operation.","breadcrumb":{"@id":"https:\/\/backoffice.as\/vart-forslag\/#breadcrumb"},"inLanguage":"en-US","potentialAction":[{"@type":"ReadAction","target":["https:\/\/backoffice.as\/vart-forslag\/"]}]},{"@type":"ImageObject","inLanguage":"en-US","@id":"https:\/\/backoffice.as\/vart-forslag\/#primaryimage","url":"https:\/\/backoffice.as\/wp-content\/uploads\/2020\/11\/back-office-share.jpg","contentUrl":"https:\/\/backoffice.as\/wp-content\/uploads\/2020\/11\/back-office-share.jpg","width":1200,"height":630},{"@type":"BreadcrumbList","@id":"https:\/\/backoffice.as\/vart-forslag\/#breadcrumb","itemListElement":[{"@type":"ListItem","position":1,"name":"Hjem","item":"https:\/\/backoffice.as\/"},{"@type":"ListItem","position":2,"name":"V\u00e5rt forslag"}]},{"@type":"WebSite","@id":"https:\/\/backoffice.as\/#website","url":"https:\/\/backoffice.as\/","name":"Back Office AS","description":"Offshoring gjort enkelt","publisher":{"@id":"https:\/\/backoffice.as\/#organization"},"alternateName":"BackOffice AS","potentialAction":[{"@type":"SearchAction","target":{"@type":"EntryPoint","urlTemplate":"https:\/\/backoffice.as\/?s={search_term_string}"},"query-input":"required name=search_term_string"}],"inLanguage":"en-US"},{"@type":"Organization","@id":"https:\/\/backoffice.as\/#organization","name":"Back Office AS","alternateName":"BackOffice AS","url":"https:\/\/backoffice.as\/","logo":{"@type":"ImageObject","inLanguage":"en-US","@id":"https:\/\/backoffice.as\/#\/schema\/logo\/image\/","url":"https:\/\/backoffice.as\/wp-content\/uploads\/2020\/11\/backofficelogo.svg","contentUrl":"https:\/\/backoffice.as\/wp-content\/uploads\/2020\/11\/backofficelogo.svg","width":533,"height":73,"caption":"Back Office AS"},"image":{"@id":"https:\/\/backoffice.as\/#\/schema\/logo\/image\/"},"sameAs":["https:\/\/www.facebook.com\/BackOfficeas","https:\/\/www.linkedin.com\/company\/back-office-as"]}]}},"_links":{"self":[{"href":"https:\/\/backoffice.as\/en\/wp-json\/wp\/v2\/pages\/16"}],"collection":[{"href":"https:\/\/backoffice.as\/en\/wp-json\/wp\/v2\/pages"}],"about":[{"href":"https:\/\/backoffice.as\/en\/wp-json\/wp\/v2\/types\/page"}],"author":[{"embeddable":true,"href":"https:\/\/backoffice.as\/en\/wp-json\/wp\/v2\/users\/1"}],"replies":[{"embeddable":true,"href":"https:\/\/backoffice.as\/en\/wp-json\/wp\/v2\/comments?post=16"}],"version-history":[{"count":30,"href":"https:\/\/backoffice.as\/en\/wp-json\/wp\/v2\/pages\/16\/revisions"}],"predecessor-version":[{"id":4683,"href":"https:\/\/backoffice.as\/en\/wp-json\/wp\/v2\/pages\/16\/revisions\/4683"}],"wp:featuredmedia":[{"embeddable":true,"href":"https:\/\/backoffice.as\/en\/wp-json\/wp\/v2\/media\/1004"}],"wp:attachment":[{"href":"https:\/\/backoffice.as\/en\/wp-json\/wp\/v2\/media?parent=16"}],"curies":[{"name":"wp","href":"https:\/\/api.w.org\/{rel}","templated":true}]}}